{"id":20,"date":"2017-06-02T12:10:34","date_gmt":"2017-06-02T12:10:34","guid":{"rendered":"http:\/\/bollin-edv.ch\/?page_id=20"},"modified":"2017-06-02T12:22:36","modified_gmt":"2017-06-02T12:22:36","slug":"programmierungen","status":"publish","type":"page","link":"https:\/\/www.bollin-edv.ch\/?page_id=20","title":{"rendered":"Programmierungen"},"content":{"rendered":"<p>Individuelle Software, auf Ihr Unternehmen zugeschnitten.<\/p>\n<p>Sie suchen schon lange ein Programm, welches Ihnen im Bereich der Datenerfassung und -auswertung zur Hand geht? Viele Programme \u00fcberh\u00e4ufen Sie mit Funktionen die Sie nicht ben\u00f6tigen? Andererseits fehlen dann aber genau die gew\u00fcnschten Funktionen oder sind in Ihren Augen viel zu umst\u00e4ndlich zu bedienen?<\/p>\n<p>Dank eigener Entwicklungsabteilung und grossem Erfahrungsschatz k\u00f6nnen wir viele webbasierende Tools erstellen. Wieso nicht auch bei Ihnen?<\/p>\n<p>Auch ein Teil unserer Kundschaft hat sich mit solchen Problemen herumgeschlagen. Wir haben mit diesen Leuten, genau die Programme entwickelt, welche sie brauchten. Ohne eine Zeile \u00fcberfl\u00fcssigen Programmcode.<\/p>\n<p>Diese Programme k\u00f6nnen genau das, was unsere Kunden wollten. Nachtr\u00e4gliche Anpassungen sind kein Problem. Die Programme sind so entworfen, dass sie, meist mit geringem Aufwand, beliebig erweiterbar sind.<\/p>\n<p>Fragen Sie uns an &#8211; eventuell haben wir bereits ein \u00e4hnliches Programm entworfen und m\u00fcssen f\u00fcr Sie nur noch wenig anpassen, damit Sie all die Vorteile nutzen k\u00f6nnen.<\/p>\n","protected":false},"excerpt":{"rendered":"<p>Individuelle Software, auf Ihr Unternehmen zugeschnitten. Sie suchen schon lange ein Programm, welches Ihnen im Bereich der Datenerfassung und -auswertung zur Hand geht? Viele Programme \u00fcberh\u00e4ufen Sie mit Funktionen die Sie nicht ben\u00f6tigen? Andererseits fehlen dann aber genau die gew\u00fcnschten [&hellip;]<\/p>\n","protected":false},"author":2,"featured_media":0,"parent":0,"menu_order":1,"comment_status":"closed","ping_status":"closed","template":"","meta":{"footnotes":""},"_links":{"self":[{"href":"https:\/\/www.bollin-edv.ch\/index.php?rest_route=\/wp\/v2\/pages\/20"}],"collection":[{"href":"https:\/\/www.bollin-edv.ch\/index.php?rest_route=\/wp\/v2\/pages"}],"about":[{"href":"https:\/\/www.bollin-edv.ch\/index.php?rest_route=\/wp\/v2\/types\/page"}],"author":[{"embeddable":true,"href":"https:\/\/www.bollin-edv.ch\/index.php?rest_route=\/wp\/v2\/users\/2"}],"replies":[{"embeddable":true,"href":"https:\/\/www.bollin-edv.ch\/index.php?rest_route=%2Fwp%2Fv2%2Fcomments&post=20"}],"version-history":[{"count":1,"href":"https:\/\/www.bollin-edv.ch\/index.php?rest_route=\/wp\/v2\/pages\/20\/revisions"}],"predecessor-version":[{"id":21,"href":"https:\/\/www.bollin-edv.ch\/index.php?rest_route=\/wp\/v2\/pages\/20\/revisions\/21"}],"wp:attachment":[{"href":"https:\/\/www.bollin-edv.ch\/index.php?rest_route=%2Fwp%2Fv2%2Fmedia&parent=20"}],"curies":[{"name":"wp","href":"https:\/\/api.w.org\/{rel}","templated":true}]}}